{"id":2168,"date":"2025-07-26T08:21:20","date_gmt":"2025-07-26T06:21:20","guid":{"rendered":"https:\/\/www.entrepreneurskills.ch\/note-legali-e-protezione-dei-dati\/"},"modified":"2025-12-06T02:47:48","modified_gmt":"2025-12-06T01:47:48","slug":"note-legali-protezione","status":"publish","type":"page","link":"https:\/\/www.entrepreneurskills.ch\/it\/note-legali-protezione\/","title":{"rendered":"Note legali e protezione dei dati"},"content":{"rendered":"<section class=\"l-section wpb_row u-reset hero-section-above-badge height_auto\"><div class=\"l-section-h i-cf\"><div class=\"g-cols vc_row via_flex valign_top type_default stacking_default\"><div class=\"vc_col-sm-12 wpb_column vc_column_container\"><div class=\"vc_column-inner\"><div class=\"wpb_wrapper\"><div class=\"wpb_text_column text-28pt font-heavy-italic text-box text-box--80 u-text-midnight-green font-line-height-13\"><div class=\"wpb_wrapper\"><h1>Note legali e protezione dei dati<\/h1>\n<\/div><\/div><div class=\"w-separator size_small\"><\/div><div class=\"wpb_text_column text-19pt font-heavy-italic text-box text-box--80 u-text-midnight-green\" id=\"impressum\"><div class=\"wpb_wrapper\"><p>Contatti<\/p>\n<\/div><\/div><div class=\"w-separator size_small\"><\/div><div class=\"wpb_text_column text-14pt font-weight-regular text-box text-box--80 u-text-midnight-green\"><div class=\"wpb_wrapper\"><p><span class=\"legal-heading-nm\">EntrepreneurSkills<\/span><\/p>\n<div class=\"impressum-address\">c\/o GZS GmbH<br \/>\nGrabackerstr. 6<br \/>\n4502 Solothurn<\/div>\n<div class=\"impressum-phone\"><a href=\"tel:+41326262420\" target=\"_blank\" rel=\"noopener\">032 626 24 20<\/a><\/div>\n<div class=\"impressum-email\"><a href=\"mailto:info@entrepreneurskills.ch\" target=\"_blank\" rel=\"noopener\">info@entrepreneurskills.ch<\/a><\/div>\n<p><span class=\"legal-heading\">Design e sito web<\/span><\/p>\n<div class=\"impressum-address\">eingebrandt GmbH<br \/>\ndie Branding Concierge<br \/>\nSabrina Mulas<br \/>\nWeissensteinstrasse 2<br \/>\n4500 Solothurn<br \/>\n<a href=\"https:\/\/eingebrandt.ch\/\" target=\"_blank\" rel=\"noopener\">www.eingebrandt.ch<\/a><\/div>\n<\/div><\/div><div class=\"w-separator size_small\"><\/div><div class=\"wpb_text_column text-19pt font-heavy-italic text-box text-box--80 u-text-midnight-green font-line-height-13\" id=\"datenschutz\"><div class=\"wpb_wrapper\"><p>Protezione dei dati<\/p>\n<\/div><\/div><div class=\"w-separator size_small\"><\/div><div class=\"w-hwrapper text-box text-box--80 legal-wrapper valign_top align_none\"><div class=\"wpb_text_column text-14pt font-weight-regular u-text-midnight-green\"><div class=\"wpb_wrapper\"><p><em><span class=\"legal-heading-nm\">Ambito di applicazione e note generali<\/span><\/em><\/p>\n<p>Ai sensi dell&#8217;articolo 13 della Costituzione federale svizzera e delle <strong>disposizioni sulla protezione dei dati della Confederazione (Legge sulla protezione dei dati, LPD, del 1\u00b0 settembre 2023)<\/strong>, ogni persona ha diritto alla protezione della propria sfera privata e alla protezione contro l&#8217;uso abusivo dei propri dati personali.<\/p>\n<p>I gestori di queste pagine prendono molto sul serio la protezione dei vostri dati personali. Trattiamo i vostri dati personali in modo <strong>riservato<\/strong> e in conformit\u00e0 con le disposizioni legali sulla protezione dei dati e con la presente informativa sulla privacy.<\/p>\n<p>Segnaliamo che la trasmissione di dati su Internet (ad esempio, nella comunicazione via e-mail) pu\u00f2 presentare delle lacune nella sicurezza. Non \u00e8 possibile garantire una protezione completa dei dati dall&#8217;accesso di terzi.<\/p>\n<p>Utilizzando questo sito web, l&#8217;utente dichiara di acconsentire alla raccolta, all&#8217;elaborazione e all&#8217;utilizzo dei dati secondo la descrizione seguente.<\/p>\n<p><em><span class=\"legal-heading\">Raccolta, elaborazione e utilizzo dei dati personali<\/span><\/em><\/p>\n<p><strong>Modulo di iscrizione per i team (Sign-Up)<\/strong><\/p>\n<p>Raccolta, elaborazione e utilizzo dei dati personali<\/p>\n<p>I dati personali vengono raccolti quando ci vengono comunicati tramite il modulo di iscrizione per i team, al fine di registrare la vostra squadra (2 persone) per la partecipazione.<\/p>\n<p><strong>Categorie di dati:<\/strong><\/p>\n<p>Raccogliamo ed elaboriamo i seguenti dati di entrambi i membri del team:<\/p>\n<ul>\n<li>Informazioni di contatto (ad esempio, nome, cognome, indirizzo e-mail, numero di telefono).<\/li>\n<li>Informazioni specifiche del team (ad esempio, nome del team, ruolo nel team).<\/li>\n<\/ul>\n<p><strong>Scopo del trattamento:<\/strong><\/p>\n<p>Questi dati vengono utilizzati esclusivamente per i seguenti scopi:<\/p>\n<ol>\n<li><strong>Svolgimento e gestione dell&#8217;iscrizione<\/strong> e della partecipazione all&#8217;evento\/servizio.<\/li>\n<li><strong>Comunicazione con il team<\/strong> in relazione all&#8217;evento\/servizio (ad esempio, conferme, note importanti).<\/li>\n<li><strong>Gestione dei dati dei partecipanti<\/strong> per la durata dell&#8217;evento\/servizio.<\/li>\n<\/ol>\n<p>La base giuridica per questo trattamento \u00e8 l&#8217;avvio o l&#8217;esecuzione del contratto (Art. 31, comma 1 LPD).<\/p>\n<p>Al termine dell&#8217;evento\/servizio, i dati vengono cancellati, a meno che non esistano obblighi legali di conservazione.<\/p>\n<p><em><span class=\"legal-heading\">Sicurezza dei dati e crittografia<\/span><\/em><\/p>\n<p><strong>Crittografia SSL\/TLS<\/strong><\/p>\n<p>Questo sito web utilizza una <strong>crittografia SSL\/TLS<\/strong> per motivi di sicurezza e per proteggere la trasmissione di contenuti riservati. Una connessione crittografata \u00e8 riconoscibile dal fatto che la riga dell&#8217;indirizzo del browser passa da &#8220;http:\/\/&#8221; a &#8220;https:\/\/&#8221; e dalla presenza del simbolo del lucchetto nella barra del browser. Se la crittografia SSL o TLS \u00e8 attivata, i dati che ci trasmettete non possono essere letti da terzi.<\/p>\n<p><em><span class=\"legal-heading\">Cookie e tracciamento (Tracking)<\/span><\/em><\/p>\n<p><strong>Informativa sulla privacy per i cookie<\/strong><\/p>\n<p>Questo sito web utilizza i <strong>cookie<\/strong>. Si tratta di piccoli file di testo che consentono di memorizzare informazioni specifiche relative all&#8217;utente sul suo dispositivo finale. I cookie consentono in particolare di determinare la frequenza di utilizzo e il numero di utenti delle pagine, di analizzare il comportamento di utilizzo delle pagine e di rendere la nostra offerta pi\u00f9 facile da usare per il cliente.<\/p>\n<p>I cookie rimangono memorizzati dopo la fine di una sessione del browser e possono essere richiamati durante una nuova visita al sito. Se non si desidera ci\u00f2, \u00e8 necessario impostare il browser Internet in modo che rifiuti l&#8217;accettazione dei cookie. Inoltre, \u00e8 possibile opporsi alla memorizzazione dei cookie tramite le impostazioni appropriate nel browser o eliminarli. Si prega di notare che in tal caso non tutte le funzioni di questa offerta online potranno essere utilizzate.<\/p>\n<p><strong>Google Analytics<\/strong><\/p>\n<p>Questo sito web utilizza <strong>Google Analytics<\/strong>, un servizio di analisi web di Google Inc., 1600 Amphitheatre Parkway, Mountain View, CA 94043, USA. Google Analytics utilizza i cosiddetti &#8220;cookie&#8221;. Abbiamo attivato l&#8217;<strong>anonimizzazione IP<\/strong> su questo sito web. Il vostro indirizzo IP verr\u00e0 quindi abbreviato da Google all&#8217;interno della Svizzera o dell&#8217;UE\/SEE, in modo che non sia pi\u00f9 possibile un&#8217;attribuzione personale. Solo in casi eccezionali l&#8217;indirizzo IP completo viene trasmesso a un server di Google negli USA e l\u00ec abbreviato.<\/p>\n<p>L&#8217;elaborazione viene effettuata nell&#8217;interesse di una progettazione orientata alle esigenze e di un&#8217;ottimizzazione continua del nostro sito web. Ci\u00f2 costituisce un <strong>interesse legittimo<\/strong> ai sensi dell&#8217;Art. 31, comma 1 LPD.<\/p>\n<\/div><\/div><div class=\"wpb_text_column text-14pt font-weight-regular u-text-midnight-green\"><div class=\"wpb_wrapper\"><p><em><span class=\"legal-heading-nm\">Servizi esterni e Social Media<\/span><\/em><\/p>\n<p><strong>Google ReCaptcha<\/strong><\/p>\n<p>Utilizziamo <strong>Google reCAPTCHA<\/strong> su questo sito web per verificare se l&#8217;immissione di dati su questo sito (ad esempio, nei moduli di contatto) \u00e8 effettuata da una persona fisica o da un programma automatizzato. Il fornitore \u00e8 Google Ireland Limited, Gordon House, Barrow Street, Dublin 4, Irlanda.<br \/>\nreCAPTCHA analizza il comportamento del visitatore del sito web in base a diverse caratteristiche (ad esempio, indirizzo IP, durata della permanenza, movimenti del mouse). I dati raccolti vengono inoltrati a Google. Il trattamento avviene nell&#8217;interesse legittimo di proteggere le nostre offerte web da spionaggio automatizzato abusivo e SPAM (Art. 31, comma 1 LPD).<\/p>\n<p><strong>Adobe Fonts (gi\u00e0 Typekit)<\/strong><\/p>\n<p>Utilizziamo <strong>Adobe Fonts<\/strong> di Adobe Inc. (345 Park Avenue, San Jose, CA 95110-2704, USA) per caricare i caratteri al fine di presentare i nostri contenuti in modo accattivante. Quando si richiama la pagina, le informazioni necessarie (ad esempio, il vostro indirizzo IP) vengono trasmesse ai server di Adobe.<br \/>\nL&#8217;utilizzo avviene nell&#8217;interesse di una presentazione uniforme e accattivante del nostro sito web (Art. 31, comma 1 LPD). Ulteriori informazioni sulla protezione dei dati presso Adobe Fonts sono disponibili nell&#8217;informativa sulla privacy di Adobe.<\/p>\n<p><strong>Plugin e contenuti dei Social Media<\/strong><\/p>\n<p>Integriamo contenuti e funzioni delle piattaforme di Social Media per presentare e promuovere meglio le nostre offerte. In tal modo, i dati degli utenti possono essere trasmessi ai rispettivi operatori.<\/p>\n<ul>\n<li><strong>YouTube<\/strong> (YouTube, LLC, 901 Cherry Ave., San Bruno, CA 94066, USA, una societ\u00e0 controllata da Google)<\/li>\n<li><strong>TikTok<\/strong> (TikTok Technology Limited, Irlanda \/ TikTok Pte. Ltd., Singapore)<\/li>\n<li><strong>Instagram<\/strong> (Meta Platforms Ireland Limited, Irlanda)<\/li>\n<li><strong>Facebook<\/strong> (Meta Platforms Ireland Limited, Irlanda)<\/li>\n<li><strong>LinkedIn<\/strong> (LinkedIn Ireland Unlimited Company, Irlanda)<\/li>\n<\/ul>\n<p>Se visitate una delle nostre pagine dotate di un plugin di Social Media, viene stabilita una connessione ai server del rispettivo fornitore. Questo comunica al server quali delle nostre pagine avete visitato. Se siete loggati nel vostro rispettivo account di Social Media, consentite al fornitore di associare direttamente il vostro comportamento di navigazione al vostro profilo personale. Potete impedirlo effettuando il logout dal vostro rispettivo account prima di visitare il nostro sito web.<\/p>\n<p>L&#8217;utilizzo avviene nell&#8217;interesse di una presentazione accattivante e della notoriet\u00e0 delle nostre offerte online, il che costituisce un interesse legittimo ai sensi dell&#8217;Art. 31, comma 1 LPD.<\/p>\n<p><em><span class=\"legal-heading\">Newsletter (MailChimp)<\/span><\/em><\/p>\n<p><strong>Invio di newsletter con MailChimp<\/strong><\/p>\n<p>Per l&#8217;invio delle nostre newsletter utilizziamo il servizio <strong>MailChimp<\/strong> di The Rocket Science Group LLC d\/b\/a Mailchimp, 675 Ponce de Leon Ave NE, Suite 5000, Atlanta, GA 30308, USA.<\/p>\n<p>Se vi iscrivete alla nostra newsletter, i dati da voi inseriti (indirizzo e-mail e nome facoltativo) vengono trasmessi a MailChimp e l\u00ec memorizzati. MailChimp utilizza queste informazioni per l&#8217;invio e la valutazione statistica delle newsletter per nostro conto. MailChimp pu\u00f2 anche utilizzare i dati per l&#8217;ottimizzazione del proprio servizio.<\/p>\n<p>L&#8217;iscrizione avviene con la cosiddetta procedura del <strong>Double-Opt-In<\/strong>. Il trattamento dei vostri dati avviene esclusivamente sulla base del vostro <strong>consenso esplicito<\/strong> (Art. 31, comma 1 LPD).<\/p>\n<p>Potete <strong>revocare<\/strong> il vostro consenso all&#8217;invio e alla relativa analisi statistica in qualsiasi momento utilizzando il link corrispondente alla fine di ogni newsletter.<\/p>\n<p><em><span class=\"legal-heading\">Trasferimento di dati all&#8217;estero (USA)<\/span><\/em><\/p>\n<p>L&#8217;utilizzo dei servizi di Google (Analytics, ReCaptcha, YouTube), Adobe Fonts, MailChimp, TikTok, Facebook, Instagram e LinkedIn comporta il <strong>trasferimento di dati personali negli USA<\/strong> o in altri paesi terzi. Secondo il diritto svizzero sulla protezione dei dati, gli USA non sono generalmente considerati un paese con un livello di protezione dei dati adeguato.<\/p>\n<p>Tuttavia, abbiamo concordato con questi fornitori garanzie appropriate ai sensi dell&#8217;Art. 16, comma 2 LPD, come le <strong>Clausole Contrattuali Standard (SCC)<\/strong> della Commissione Europea o, ove disponibile, la partecipazione al <strong>Data Privacy Framework (DPF)<\/strong>, per garantire un livello di protezione adeguato.<\/p>\n<p><em><span class=\"legal-heading\">I vostri diritti<\/span><\/em><\/p>\n<p>Ai sensi della Legge svizzera sulla protezione dei dati (LPD), avete in particolare il <strong>diritto di accesso<\/strong> ai vostri dati personali da noi trattati, il diritto di <strong>rettifica<\/strong> e <strong>cancellazione<\/strong> dei vostri dati personali, nonch\u00e9 il diritto di <strong>opposizione<\/strong> al trattamento dei vostri dati. Per domande o per far valere i vostri diritti, vi preghiamo di rivolgervi all&#8217;indirizzo di contatto indicato all&#8217;inizio dell&#8217;informativa sulla privacy.<\/p>\n<\/div><\/div><\/div><div class=\"wpb_text_column text-14pt font-weight-regular text-box text-box--80 u-text-midnight-green font-line-height-13\"><div class=\"wpb_wrapper\"><p><em><strong><span class=\"legal-heading\">Modifiche<\/span><\/strong><\/em><\/p>\n<p>Ci riserviamo il diritto di modificare la presente informativa sulla privacy in qualsiasi momento senza preavviso. Si applica la versione attuale pubblicata sul nostro sito web.<\/p>\n<\/div><\/div><\/div><\/div><\/div><\/div><\/div><\/section><section class=\"l-section wpb_row footer-cta-row u-reset u-pt-xl height_auto\"><div class=\"l-section-h i-cf\"><div class=\"g-cols vc_row via_flex valign_top type_default stacking_default\"><div class=\"vc_col-sm-12 wpb_column vc_column_container\"><div class=\"vc_column-inner\"><div class=\"wpb_wrapper\"><div class=\"w-html footer-cta-anchor\">  <span class=\"full-circle-badge \" id=\"fcb_69fafd967362c\" style=\"--fcb-size:300px\">\n    <svg class=\"fcb-svg\" viewBox=\"0 0 300 300\" width=\"300\" height=\"300\" aria-hidden=\"true\" role=\"img\">\n      <defs>\n        <!-- center-rotated gradient -->\n        <linearGradient id=\"fcb_69fafd967362c_grad\" x1=\"0%\" y1=\"100%\" x2=\"100%\" y2=\"-25%\"\n          gradientTransform=\"rotate(18, 0.5, 0.5)\">\n          <stop offset=\"0%\"   stop-color=\"#642875\"\/>\n          <stop offset=\"35%\"   stop-color=\"#642875\"\/>\n          <stop offset=\"100%\" stop-color=\"#b39cbb\"\/>\n        <\/linearGradient>\n      <\/defs>\n      <circle cx=\"150\" cy=\"150\" r=\"150\" fill=\"url(#fcb_69fafd967362c_grad)\"><\/circle>\n    <\/svg>\n    <span class=\"fcb-text\" style=\"hyphens:none!important;-webkit-hyphens:none!important;-ms-hyphens:none!important;word-break:normal!important;overflow-wrap:normal!important; --fcb-vshift:-15%;\">\n        <span class=\"fcb-head\" style=\"width: 100%;\">Ancora<br \/>domande?<\/span>\n        <span class=\"fcb-sub\">Contattaci, ti aiuteremo.<\/span>\n     <\/span>  <\/span>\n  <\/div><\/div><\/div><\/div><\/div><\/div><\/section>\n","protected":false},"excerpt":{"rendered":"Note legali e protezione dei dati Contatti EntrepreneurSkills c\/o GZS GmbH Grabackerstr. 6 4502 Solothurn 032 626 24 20 info@entrepreneurskills.ch Design e sito web eingebrandt GmbH die Branding Concierge Sabrina Mulas Weissensteinstrasse 2 4500 Solothurn www.eingebrandt.ch Protezione dei dati Ambito di applicazione e note generali Ai sensi dell&#8217;articolo 13 della Costituzione federale svizzera e delle...","protected":false},"author":1,"featured_media":3531,"parent":0,"menu_order":0,"comment_status":"closed","ping_status":"closed","template":"","meta":{"_acf_changed":false,"_seopress_robots_primary_cat":"","_seopress_titles_title":"Note legali e protezione dei dati","_seopress_titles_desc":"Trasparenza e sicurezza. Leggete qui le note legali complete e la nostra politica sulla protezione dei dati per l'utilizzo del nostro sito web.","_seopress_robots_index":"","footnotes":""},"class_list":["post-2168","page","type-page","status-publish","has-post-thumbnail","hentry"],"acf":[],"_links":{"self":[{"href":"https:\/\/www.entrepreneurskills.ch\/it\/wp-json\/wp\/v2\/pages\/2168","targetHints":{"allow":["GET"]}}],"collection":[{"href":"https:\/\/www.entrepreneurskills.ch\/it\/wp-json\/wp\/v2\/pages"}],"about":[{"href":"https:\/\/www.entrepreneurskills.ch\/it\/wp-json\/wp\/v2\/types\/page"}],"author":[{"embeddable":true,"href":"https:\/\/www.entrepreneurskills.ch\/it\/wp-json\/wp\/v2\/users\/1"}],"replies":[{"embeddable":true,"href":"https:\/\/www.entrepreneurskills.ch\/it\/wp-json\/wp\/v2\/comments?post=2168"}],"version-history":[{"count":5,"href":"https:\/\/www.entrepreneurskills.ch\/it\/wp-json\/wp\/v2\/pages\/2168\/revisions"}],"predecessor-version":[{"id":3231,"href":"https:\/\/www.entrepreneurskills.ch\/it\/wp-json\/wp\/v2\/pages\/2168\/revisions\/3231"}],"wp:featuredmedia":[{"embeddable":true,"href":"https:\/\/www.entrepreneurskills.ch\/it\/wp-json\/wp\/v2\/media\/3531"}],"wp:attachment":[{"href":"https:\/\/www.entrepreneurskills.ch\/it\/wp-json\/wp\/v2\/media?parent=2168"}],"curies":[{"name":"wp","href":"https:\/\/api.w.org\/{rel}","templated":true}]}}